{"id":8,"date":"2022-05-18T14:59:16","date_gmt":"2022-05-18T12:59:16","guid":{"rendered":"https:\/\/www.archenoe.fr\/?page_id=8"},"modified":"2022-06-17T18:29:17","modified_gmt":"2022-06-17T16:29:17","slug":"about","status":"publish","type":"page","link":"https:\/\/www.archenoe.fr\/index.php\/about\/","title":{"rendered":"AMITER"},"content":{"rendered":"\n<p class=\"has-luminous-vivid-amber-color has-text-color has-large-font-size\"><strong>Mieux am\u00e9nager les territoires en mutation expos\u00e9s aux risques naturels<\/strong><\/p>\n\n\n\n<div class=\"wp-block-columns is-layout-flex wp-container-core-columns-is-layout-9d6595d7 wp-block-columns-is-layout-flex\">\n<div class=\"wp-block-column is-layout-flow wp-block-column-is-layout-flow\" style=\"flex-basis:33.33%\">\n<figure class=\"wp-block-image size-full\"><img loading=\"lazy\" decoding=\"async\" width=\"508\" height=\"239\" src=\"https:\/\/www.archenoe.fr\/wp-content\/uploads\/2022\/05\/logo_amiter_nl-9e740.jpg\" alt=\"\" class=\"wp-image-69\" srcset=\"https:\/\/www.archenoe.fr\/wp-content\/uploads\/2022\/05\/logo_amiter_nl-9e740.jpg 508w, https:\/\/www.archenoe.fr\/wp-content\/uploads\/2022\/05\/logo_amiter_nl-9e740-300x141.jpg 300w\" sizes=\"auto, (max-width: 508px) 100vw, 508px\" \/><\/figure>\n<\/div>\n\n\n\n<div class=\"wp-block-column is-layout-flow wp-block-column-is-layout-flow\" style=\"flex-basis:66.66%\">\n<p class=\"has-black-color has-text-color\"><strong>\u00ab&nbsp;Mieux am\u00e9nager les territoires en mutation expos\u00e9s aux risques naturels (AMITER)&nbsp;\u00bb est un concours d\u2019id\u00e9es national organis\u00e9 par le PUCA en \u00e9troite concertation avec la Direction G\u00e9n\u00e9rale de la Pr\u00e9vention des Risques (DGPR) du Minist\u00e8re de la Transition Ecologique et du CEREMA.<\/strong><\/p>\n\n\n\n<p>Dans un contexte o\u00f9 le r\u00e9chauffement climatique aggrave l\u2019exposition au risque de nombreux territoires, AMITER vise \u00e0 faire \u00e9merger de nouvelles approches dans la conception du renouvellement urbain des sites expos\u00e9s, en faisant du risque un levier de projet au service de la r\u00e9duction de leur vuln\u00e9rabilit\u00e9. Le concours d\u2019id\u00e9es porte sur 9 sites de projets, s\u00e9lectionn\u00e9s apr\u00e8s un appel \u00e0 manifestation d\u2019int\u00e9r\u00eat.<\/p>\n\n\n\n<p>Le cadre national et exp\u00e9rimental de ce concours est une possibilit\u00e9 offerte de construction d\u2019un projet consensuel entre les diff\u00e9rentes parties prenantes. Le concours doit \u00e9galement permettre de d\u00e9gager des enseignements profitables pour d\u2019autres territoires qui n\u2019auront pas particip\u00e9 \u00e0 la d\u00e9marche.<\/p>\n<\/div>\n<\/div>\n\n\n\n<p>Pour en savoir plus : <a href=\"http:\/\/www.urbanisme-puca.gouv.fr\/amiter-mieux-amenager-les-territoires-en-mutation-a2211.html\">site internet du PUCA<\/a><\/p>\n\n\n\n<hr class=\"wp-block-separator has-css-opacity\"\/>\n\n\n\n<p class=\"has-luminous-vivid-amber-color has-text-color has-large-font-size\"><strong>Pr\u00e9sentation de la d\u00e9marche<\/strong><\/p>\n\n\n\n<div class=\"wp-block-columns is-layout-flex wp-container-core-columns-is-layout-9d6595d7 wp-block-columns-is-layout-flex\">\n<div class=\"wp-block-column is-layout-flow wp-block-column-is-layout-flow\" style=\"flex-basis:33.33%\">\n<figure class=\"wp-block-embed alignwide is-type-video is-provider-youtube wp-block-embed-youtube wp-embed-aspect-16-9 wp-has-aspect-ratio\"><div class=\"wp-block-embed__wrapper\">\n<iframe loading=\"lazy\" title=\"Mieux am\u00e9nager les territoires face aux risques naturels : lancement d\u2019un concours d\u2019id\u00e9es\" width=\"950\" height=\"534\" src=\"https:\/\/www.youtube.com\/embed\/R_PYkRL-4A8?feature=oembed\" frameborder=\"0\" allow=\"accelerometer; autoplay; clipboard-write; encrypted-media; gyroscope; picture-in-picture\" allowfullscreen><\/iframe>\n<\/div><figcaption><strong>Barbara Pompili, ministre de la Transition \u00e9cologique<\/strong><\/figcaption><\/figure>\n<\/div>\n\n\n\n<div class=\"wp-block-column is-layout-flow wp-block-column-is-layout-flow\" style=\"flex-basis:66.66%\">\n<p class=\"has-black-color has-text-color has-medium-font-size\"><strong>R\u00e8glement du concours<\/strong><\/p>\n\n\n\n<p>Tous les documents pr\u00e9sentant le concours d&rsquo;id\u00e9e sont accessibles ici :<\/p>\n\n\n\n<ul class=\"wp-block-list\"><li><a rel=\"noreferrer noopener\" href=\"http:\/\/www.urbanisme-puca.gouv.fr\/IMG\/pdf\/cc_amiter.pdf\" target=\"_blank\">Cahier des charges du concours d\u2019id\u00e9es AMITER<\/a><\/li><li><a rel=\"noreferrer noopener\" href=\"http:\/\/www.urbanisme-puca.gouv.fr\/IMG\/pdf\/avenant_cc_amiter.pdf\" target=\"_blank\">Avenant au R\u00e8glement du concours AMITER<\/a><\/li><li><a rel=\"noreferrer noopener\" href=\"http:\/\/www.urbanisme-puca.gouv.fr\/IMG\/pdf\/ami_amiter-2.pdf\" target=\"_blank\">Pr\u00e9sentation du concours et des sites projets<\/a><\/li><\/ul>\n<\/div>\n<\/div>\n\n\n\n<p class=\"has-black-color has-text-color has-medium-font-size\"><strong>R\u00e8glement du concours<\/strong><\/p>\n\n\n\n<p>Tous les documents pr\u00e9sentant le concours d&rsquo;id\u00e9e sont accessibles ici :<\/p>\n\n\n\n<ul class=\"wp-block-list\"><li><a rel=\"noreferrer noopener\" href=\"http:\/\/www.urbanisme-puca.gouv.fr\/IMG\/pdf\/cc_amiter.pdf\" target=\"_blank\">Cahier des charges du concours d\u2019id\u00e9es AMITER<\/a><\/li><li><a rel=\"noreferrer noopener\" href=\"http:\/\/www.urbanisme-puca.gouv.fr\/IMG\/pdf\/avenant_cc_amiter.pdf\" target=\"_blank\">Avenant au R\u00e8glement du concours AMITER<\/a><\/li><li><a rel=\"noreferrer noopener\" href=\"http:\/\/www.urbanisme-puca.gouv.fr\/IMG\/pdf\/ami_amiter-2.pdf\" target=\"_blank\">Pr\u00e9sentation du concours et des sites projets<\/a><\/li><\/ul>\n\n\n\n<hr class=\"wp-block-separator has-css-opacity is-style-default\"\/>\n\n\n\n<p class=\"has-luminous-vivid-amber-color has-text-color has-large-font-size\"><strong>R\u00e9sultats du concours<\/strong><\/p>\n\n\n\n<p><strong>Les dossiers des laur\u00e9ats sur chaque site peuvent \u00eatre consult\u00e9s \u00e0 ces liens :<\/strong><\/p>\n\n\n\n<ul class=\"wp-block-list\"><li><a href=\"http:\/\/www.urbanisme-puca.gouv.fr\/comme-une-arche-de-noe-a2444.html\">Comme une arche de No\u00e9 &#8211; D&amp;A &#8211; CC Pays de Montereau<\/a><\/li><li><a href=\"http:\/\/www.urbanisme-puca.gouv.fr\/habiter-le-lit-majeur-de-la-touques-a2442.html\">Et Alors &#8211; Yannick Gourvil &#8211; CC Coeur C\u00f4te Fleurie<\/a><\/li><li><a href=\"http:\/\/www.urbanisme-puca.gouv.fr\/la-plaine-du-bois-des-plantes-a2449.html\">CLa Plaine du Bois des Plantes &#8211; Chor\u00e8me &#8211; Tours M\u00e9tropole Val de Loire<\/a><\/li><li><a href=\"http:\/\/www.urbanisme-puca.gouv.fr\/l-ecosysteme-productif-a2448.html\">L&rsquo;\u00e9cosyst\u00e8me productif &#8211; Joab Soret Gabienne &#8211; Saint-Etienne<\/a><\/li><li><a href=\"http:\/\/www.urbanisme-puca.gouv.fr\/mi-terre-mi-eau-le-sablar-reprend-ses-barthes-a2447.html\">Mi-terre mi-eau, le sabler reprend ses Barthes &#8211; Isthme &#8211;  CA Grand Dax<\/a><\/li><li><a href=\"http:\/\/www.urbanisme-puca.gouv.fr\/l-outre-orb-a2446.html\">L&rsquo;outre Orb &#8211; Julien Gougeat &#8211; CA B\u00e9ziers M\u00e9diterran\u00e9e<\/a><\/li><li><a href=\"http:\/\/www.urbanisme-puca.gouv.fr\/derives-accompagner-le-mouvement-et-des-rives-a2443.html\">D\u00e9rives et des rives &#8211; Horizons Paysages &#8211; M\u00e9tropole Aix-Marseille-Provence<\/a><\/li><\/ul>\n\n\n\n<p><strong>Les 3 Grand Prix nationaux sont :<\/strong><\/p>\n\n\n\n<ul class=\"wp-block-list\"><li><a href=\"http:\/\/www.urbanisme-puca.gouv.fr\/comme-une-arche-de-noe-a2444.html\">Comme une arche de No\u00e9 &#8211; D&amp;A &#8211; CC Pays de Montereau<\/a><\/li><li><a href=\"http:\/\/www.urbanisme-puca.gouv.fr\/habiter-le-lit-majeur-de-la-touques-a2442.html\">Et Alors &#8211; Yannick Gourvil &#8211; CC Coeur C\u00f4te Fleurie<\/a><\/li><li><a href=\"http:\/\/www.urbanisme-puca.gouv.fr\/derives-accompagner-le-mouvement-et-des-rives-a2443.html\">D\u00e9rives et des rives &#8211; Horizons Paysages &#8211; M\u00e9tropole Aix-Marseille-Provence.<\/a><\/li><\/ul>\n\n\n\n<p><strong>Tous les r\u00e9sultats sont disponibles ici :<\/strong><\/p>\n\n\n\n<ul class=\"wp-block-list\"><li><a rel=\"noreferrer noopener\" href=\"http:\/\/www.urbanisme-puca.gouv.fr\/IMG\/pdf\/ami_amiter.pdf\" target=\"_blank\">R\u00e9sultats de l\u2019Appel \u00e0 Manifestation d\u2019Int\u00e9r\u00eat AMITER<\/a><\/li><li><a href=\"http:\/\/www.urbanisme-puca.gouv.fr\/concours-d-idees-amiter-65-equipes-selectionnees-a2258.html\">Concours d\u2019id\u00e9es AMITER&nbsp;: 65 \u00e9quipes s\u00e9lectionn\u00e9es pour \u00ab&nbsp;mieux am\u00e9nager les territoires en mutation expos\u00e9s aux risques naturels&nbsp;\u00bb<\/a><\/li><\/ul>\n\n\n\n<hr class=\"wp-block-separator has-css-opacity is-style-default\"\/>\n\n\n\n<p class=\"has-luminous-vivid-amber-color has-text-color has-large-font-size\"><strong>Remise des prix<\/strong><\/p>\n\n\n\n<p>Pr\u00e9sentation du projet : 1:55:35<\/p>\n\n\n\n<p>L&rsquo;intervention de Marie Evo, directrice du p\u00f4le Territoires et Mobilit\u00e9s \u00e0 l&rsquo;agence D&amp;A : 2:33:15<\/p>\n\n\n\n<figure class=\"wp-block-embed alignwide is-type-video is-provider-dailymotion wp-block-embed-dailymotion wp-embed-aspect-16-9 wp-has-aspect-ratio\"><div class=\"wp-block-embed__wrapper\">\n<iframe loading=\"lazy\" title=\"[REPLAY] AMITER - Mieux am\u00e9nager les territoires en mutation expos\u00e9s aux risques naturels\" frameborder=\"0\" width=\"950\" height=\"534\" src=\"https:\/\/www.dailymotion.com\/embed\/video\/x86an48?pubtool=oembed\" allowfullscreen allow=\"autoplay\"><\/iframe>\n<\/div><figcaption><strong>Barbara Pompili, ministre de la Transition \u00e9cologique, a r\u00e9v\u00e9l\u00e9 aujourd\u2019hui, mardi 14 d\u00e9cembre 2021, les laur\u00e9ats du concours d\u2019id\u00e9es sur la r\u00e9duction de la vuln\u00e9rabilit\u00e9 au risque et la r\u00e9novation urbaine, intitul\u00e9 \u00ab Mieux am\u00e9nager les territoires en mutation expos\u00e9s aux risques naturels \u00bb (Amiter), en pr\u00e9sence de repr\u00e9sentants du Plan Urbanisme Construction Architecture (Puca) et du Cerema. Lanc\u00e9 en f\u00e9vrier dernier, ce concours vise \u00e0 faire \u00e9merger des projets d\u2019am\u00e9nagement innovants permettant d\u2019assurer le renouvellement urbain de 9 territoires pr\u00e9s\u00e9lectionn\u00e9s (B\u00e9ziers, Dax, Marseille, Montereau, Saint-Etienne, Saint-Nazaire, Touques, Tours et Vernon), en r\u00e9duisant leur vuln\u00e9rabilit\u00e9 et en am\u00e9liorant leur r\u00e9silience face aux risques naturels<\/strong><\/figcaption><\/figure>\n\n\n\n<div class=\"wp-block-cover alignfull\" style=\"padding-top:50px;padding-right:50px;padding-bottom:50px;padding-left:50px;min-height:453px;aspect-ratio:unset;\"><span aria-hidden=\"true\" class=\"wp-block-cover__background has-black-background-color has-background-dim-100 has-background-dim\"><\/span><div class=\"wp-block-cover__inner-container is-layout-flow wp-block-cover-is-layout-flow\">\n<div class=\"wp-block-columns are-vertically-aligned-center is-layout-flex wp-container-core-columns-is-layout-9d6595d7 wp-block-columns-is-layout-flex\">\n<div class=\"wp-block-column is-vertically-aligned-center is-layout-flow wp-block-column-is-layout-flow\" style=\"padding-top:20px;padding-right:0px;padding-bottom:20px;padding-left:0px\">\n<div class=\"wp-block-group is-content-justification-space-between is-nowrap is-layout-flex wp-container-core-group-is-layout-7ef4459a wp-block-group-is-layout-flex\">\n<figure class=\"wp-block-image size-full\"><img decoding=\"async\" src=\"https:\/\/www.archenoe.fr\/wp-content\/themes\/inspiro\/assets\/images\/laurel_left.png\" alt=\"\"\/><\/figure>\n\n\n\n<div class=\"wp-block-group\"><div class=\"wp-block-group__inner-container is-layout-flow wp-block-group-is-layout-flow\">\n<p class=\"has-text-align-center has-white-color has-text-color\" style=\"font-size:18px;line-height:1\"><strong>Laur\u00e9at Local<\/strong><\/p>\n<\/div><\/div>\n\n\n\n<figure class=\"wp-block-image size-full\"><img decoding=\"async\" src=\"https:\/\/www.archenoe.fr\/wp-content\/themes\/inspiro\/assets\/images\/laurel_right.png\" alt=\"\"\/><\/figure>\n<\/div>\n<\/div>\n\n\n\n<div class=\"wp-block-column is-vertically-aligned-center is-layout-flow wp-block-column-is-layout-flow\" style=\"padding-top:20px;padding-right:0px;padding-bottom:20px;padding-left:0px\">\n<div class=\"wp-block-group is-content-justification-space-between is-nowrap is-layout-flex wp-container-core-group-is-layout-7ef4459a wp-block-group-is-layout-flex\">\n<figure class=\"wp-block-image size-full\"><img decoding=\"async\" src=\"https:\/\/www.archenoe.fr\/wp-content\/themes\/inspiro\/assets\/images\/laurel_left.png\" alt=\"\"\/><\/figure>\n\n\n\n<div class=\"wp-block-group\"><div class=\"wp-block-group__inner-container is-layout-flow wp-block-group-is-layout-flow\">\n<p class=\"has-text-align-center has-white-color has-text-color\" style=\"font-size:18px;line-height:1\"><strong>Grand Prix National<\/strong><\/p>\n<\/div><\/div>\n\n\n\n<figure class=\"wp-block-image size-full\"><img decoding=\"async\" src=\"https:\/\/www.archenoe.fr\/wp-content\/themes\/inspiro\/assets\/images\/laurel_right.png\" alt=\"\"\/><\/figure>\n<\/div>\n<\/div>\n<\/div>\n<\/div><\/div>\n","protected":false},"excerpt":{"rendered":"<p>Mieux am\u00e9nager les territoires en mutation expos\u00e9s aux risques naturels \u00ab&nbsp;Mieux am\u00e9nager les territoires en mutation expos\u00e9s aux risques naturels (AMITER)&nbsp;\u00bb est un concours d\u2019id\u00e9es national organis\u00e9 par le PUCA en \u00e9troite concertation avec la Direction G\u00e9n\u00e9rale de la Pr\u00e9vention des Risques (DGPR) du Minist\u00e8re de la Transition Ecologique et du CEREMA. Dans un contexte &hellip; <\/p>\n<p class=\"link-more\"><a href=\"https:\/\/www.archenoe.fr\/index.php\/about\/\" class=\"more-link\">Lire la suite de<span class=\"screen-reader-text\">\u00ab\u00a0AMITER\u00a0\u00bb<\/span><\/a><\/p>\n","protected":false},"author":1,"featured_media":71,"parent":0,"menu_order":0,"comment_status":"closed","ping_status":"closed","template":"","meta":{"footnotes":""},"class_list":["post-8","page","type-page","status-publish","has-post-thumbnail","hentry"],"featured_media_urls":{"thumbnail":["https:\/\/www.archenoe.fr\/wp-content\/uploads\/2022\/05\/14122021Amiter-prix-150x150.png",150,150,true],"medium":["https:\/\/www.archenoe.fr\/wp-content\/uploads\/2022\/05\/14122021Amiter-prix-300x200.png",300,200,true],"medium_large":["https:\/\/www.archenoe.fr\/wp-content\/uploads\/2022\/05\/14122021Amiter-prix-768x512.png",768,512,true],"large":["https:\/\/www.archenoe.fr\/wp-content\/uploads\/2022\/05\/14122021Amiter-prix.png",810,540,false],"1536x1536":["https:\/\/www.archenoe.fr\/wp-content\/uploads\/2022\/05\/14122021Amiter-prix.png",810,540,false],"2048x2048":["https:\/\/www.archenoe.fr\/wp-content\/uploads\/2022\/05\/14122021Amiter-prix.png",810,540,false],"inspiro-featured-image":["https:\/\/www.archenoe.fr\/wp-content\/uploads\/2022\/05\/14122021Amiter-prix.png",810,540,false],"inspiro-loop":["https:\/\/www.archenoe.fr\/wp-content\/uploads\/2022\/05\/14122021Amiter-prix-810x320.png",810,320,true],"inspiro-loop@2x":["https:\/\/www.archenoe.fr\/wp-content\/uploads\/2022\/05\/14122021Amiter-prix.png",810,540,false],"portfolio_item-thumbnail":["https:\/\/www.archenoe.fr\/wp-content\/uploads\/2022\/05\/14122021Amiter-prix-600x400.png",600,400,true],"portfolio_item-masonry":["https:\/\/www.archenoe.fr\/wp-content\/uploads\/2022\/05\/14122021Amiter-prix.png",600,400,false],"portfolio_item-thumbnail_cinema":["https:\/\/www.archenoe.fr\/wp-content\/uploads\/2022\/05\/14122021Amiter-prix.png",503,335,false],"portfolio_item-thumbnail_portrait":["https:\/\/www.archenoe.fr\/wp-content\/uploads\/2022\/05\/14122021Amiter-prix.png",600,400,false],"portfolio_item-thumbnail_square":["https:\/\/www.archenoe.fr\/wp-content\/uploads\/2022\/05\/14122021Amiter-prix.png",800,533,false]},"_links":{"self":[{"href":"https:\/\/www.archenoe.fr\/index.php\/wp-json\/wp\/v2\/pages\/8","targetHints":{"allow":["GET"]}}],"collection":[{"href":"https:\/\/www.archenoe.fr\/index.php\/wp-json\/wp\/v2\/pages"}],"about":[{"href":"https:\/\/www.archenoe.fr\/index.php\/wp-json\/wp\/v2\/types\/page"}],"author":[{"embeddable":true,"href":"https:\/\/www.archenoe.fr\/index.php\/wp-json\/wp\/v2\/users\/1"}],"replies":[{"embeddable":true,"href":"https:\/\/www.archenoe.fr\/index.php\/wp-json\/wp\/v2\/comments?post=8"}],"version-history":[{"count":20,"href":"https:\/\/www.archenoe.fr\/index.php\/wp-json\/wp\/v2\/pages\/8\/revisions"}],"predecessor-version":[{"id":381,"href":"https:\/\/www.archenoe.fr\/index.php\/wp-json\/wp\/v2\/pages\/8\/revisions\/381"}],"wp:featuredmedia":[{"embeddable":true,"href":"https:\/\/www.archenoe.fr\/index.php\/wp-json\/wp\/v2\/media\/71"}],"wp:attachment":[{"href":"https:\/\/www.archenoe.fr\/index.php\/wp-json\/wp\/v2\/media?parent=8"}],"curies":[{"name":"wp","href":"https:\/\/api.w.org\/{rel}","templated":true}]}}